{"id":1027,"date":"2023-07-12T17:40:46","date_gmt":"2023-07-12T17:40:46","guid":{"rendered":"https:\/\/luggagestorageba.com\/?page_id=1027"},"modified":"2026-04-24T15:27:00","modified_gmt":"2026-04-24T15:27:00","slug":"contacto","status":"publish","type":"page","link":"https:\/\/luggagestorageba.com\/en\/contacto\/","title":{"rendered":"Contact"},"content":{"rendered":"<div data-elementor-type=\"wp-page\" data-elementor-id=\"1027\" class=\"elementor elementor-1027\" data-elementor-post-type=\"page\">\n\t\t\t\t\t\t<section class=\"elementor-section elementor-top-section elementor-element elementor-element-b64cc76 elementor-section-boxed elementor-section-height-default elementor-section-height-default\" data-id=\"b64cc76\" data-element_type=\"section\" data-settings=\"{&quot;background_background&quot;:&quot;classic&quot;,&quot;shape_divider_bottom&quot;:&quot;opacity-tilt&quot;}\">\n\t\t\t\t\t\t\t<div class=\"elementor-background-overlay\"><\/div>\n\t\t\t\t\t\t<div class=\"elementor-shape elementor-shape-bottom\" aria-hidden=\"true\" data-negative=\"false\">\n\t\t\t<svg xmlns=\"http:\/\/www.w3.org\/2000\/svg\" viewbox=\"0 0 2600 131.1\" preserveaspectratio=\"none\">\n\t<path class=\"elementor-shape-fill\" d=\"M0 0L2600 0 2600 69.1 0 0z\"\/>\n\t<path class=\"elementor-shape-fill\" style=\"opacity:0.5\" d=\"M0 0L2600 0 2600 69.1 0 69.1z\"\/>\n\t<path class=\"elementor-shape-fill\" style=\"opacity:0.25\" d=\"M2600 0L0 0 0 130.1 2600 69.1z\"\/>\n<\/svg>\t\t<\/div>\n\t\t\t\t\t<div class=\"elementor-container elementor-column-gap-default\">\n\t\t\t\t\t<div class=\"elementor-column elementor-col-100 elementor-top-column elementor-element elementor-element-22e2c75\" data-id=\"22e2c75\" data-element_type=\"column\">\n\t\t\t<div class=\"elementor-widget-wrap elementor-element-populated\">\n\t\t\t\t\t\t<section class=\"elementor-section elementor-inner-section elementor-element elementor-element-9821680 elementor-section-boxed elementor-section-height-default elementor-section-height-default\" data-id=\"9821680\" data-element_type=\"section\">\n\t\t\t\t\t\t<div class=\"elementor-container elementor-column-gap-default\">\n\t\t\t\t\t<div class=\"elementor-column elementor-col-100 elementor-inner-column elementor-element elementor-element-c8709c4\" data-id=\"c8709c4\" data-element_type=\"column\">\n\t\t\t<div class=\"elementor-widget-wrap elementor-element-populated\">\n\t\t\t\t\t\t<div class=\"elementor-element elementor-element-2c21f89 elementor-widget elementor-widget-heading\" data-id=\"2c21f89\" data-element_type=\"widget\" data-widget_type=\"heading.default\">\n\t\t\t\t<div class=\"elementor-widget-container\">\n\t\t\t\t\t<h2 class=\"elementor-heading-title elementor-size-default\">Contact Us<\/h2>\t\t\t\t<\/div>\n\t\t\t\t<\/div>\n\t\t\t\t\t<\/div>\n\t\t<\/div>\n\t\t\t\t\t<\/div>\n\t\t<\/section>\n\t\t\t\t\t<\/div>\n\t\t<\/div>\n\t\t\t\t\t<\/div>\n\t\t<\/section>\n\t\t\t\t<section class=\"elementor-section elementor-top-section elementor-element elementor-element-f32a93f elementor-section-boxed elementor-section-height-default elementor-section-height-default\" data-id=\"f32a93f\" data-element_type=\"section\">\n\t\t\t\t\t\t<div class=\"elementor-container elementor-column-gap-default\">\n\t\t\t\t\t<div class=\"elementor-column elementor-col-100 elementor-top-column elementor-element elementor-element-99391ff\" data-id=\"99391ff\" data-element_type=\"column\">\n\t\t\t<div class=\"elementor-widget-wrap elementor-element-populated\">\n\t\t\t\t\t\t<div class=\"elementor-element elementor-element-ea09977 elementor-widget elementor-widget-google_maps\" data-id=\"ea09977\" data-element_type=\"widget\" data-widget_type=\"google_maps.default\">\n\t\t\t\t<div class=\"elementor-widget-container\">\n\t\t\t\t\t\t\t<div class=\"elementor-custom-embed\">\n\t\t\t<iframe loading=\"lazy\"\n\t\t\t\t\tsrc=\"https:\/\/maps.google.com\/maps?q=Luggage%20Storage%20Ba&#038;t=m&#038;z=14&#038;output=embed&#038;iwloc=near\"\n\t\t\t\t\ttitle=\"Luggage Storage Ba\"\n\t\t\t\t\taria-label=\"Luggage Storage Ba\"\n\t\t\t><\/iframe>\n\t\t<\/div>\n\t\t\t\t\t\t<\/div>\n\t\t\t\t<\/div>\n\t\t\t\t<section class=\"elementor-section elementor-inner-section elementor-element elementor-element-08bd6b5 elementor-section-boxed elementor-section-height-default elementor-section-height-default\" data-id=\"08bd6b5\" data-element_type=\"section\">\n\t\t\t\t\t\t<div class=\"elementor-container elementor-column-gap-default\">\n\t\t\t\t\t<div class=\"elementor-column elementor-col-25 elementor-inner-column elementor-element elementor-element-a4ec7e6\" data-id=\"a4ec7e6\" data-element_type=\"column\">\n\t\t\t<div class=\"elementor-widget-wrap elementor-element-populated\">\n\t\t\t\t\t\t<div class=\"elementor-element elementor-element-081a551 elementor-widget elementor-widget-heading\" data-id=\"081a551\" data-element_type=\"widget\" data-widget_type=\"heading.default\">\n\t\t\t\t<div class=\"elementor-widget-container\">\n\t\t\t\t\t<h2 class=\"elementor-heading-title elementor-size-default\">Palermo<\/h2>\t\t\t\t<\/div>\n\t\t\t\t<\/div>\n\t\t\t\t\t<\/div>\n\t\t<\/div>\n\t\t\t\t<div class=\"elementor-column elementor-col-25 elementor-inner-column elementor-element elementor-element-c135ded\" data-id=\"c135ded\" data-element_type=\"column\">\n\t\t\t<div class=\"elementor-widget-wrap elementor-element-populated\">\n\t\t\t\t\t\t<div class=\"elementor-element elementor-element-3e6b47d elementor-align-justify elementor-widget__width-initial elementor-widget elementor-widget-button\" data-id=\"3e6b47d\" data-element_type=\"widget\" data-widget_type=\"button.default\">\n\t\t\t\t<div class=\"elementor-widget-container\">\n\t\t\t\t\t\t\t\t\t<div class=\"elementor-button-wrapper\">\n\t\t\t\t\t<a class=\"elementor-button elementor-button-link elementor-size-sm\" href=\"https:\/\/maps.app.goo.gl\/bTQZxq6kkFm2c3gC9\" target=\"_blank\">\n\t\t\t\t\t\t<span class=\"elementor-button-content-wrapper\">\n\t\t\t\t\t\t<span class=\"elementor-button-icon\">\n\t\t\t\t<i aria-hidden=\"true\" class=\"fas fa-map-marked-alt\"><\/i>\t\t\t<\/span>\n\t\t\t\t\t\t\t\t\t<span class=\"elementor-button-text\">Nicaragua 4806<\/span>\n\t\t\t\t\t<\/span>\n\t\t\t\t\t<\/a>\n\t\t\t\t<\/div>\n\t\t\t\t\t\t\t\t<\/div>\n\t\t\t\t<\/div>\n\t\t\t\t\t<\/div>\n\t\t<\/div>\n\t\t\t\t<div class=\"elementor-column elementor-col-25 elementor-inner-column elementor-element elementor-element-78d43ee\" data-id=\"78d43ee\" data-element_type=\"column\">\n\t\t\t<div class=\"elementor-widget-wrap elementor-element-populated\">\n\t\t\t\t\t\t<div class=\"elementor-element elementor-element-d93dd38 elementor-align-justify elementor-widget elementor-widget-button\" data-id=\"d93dd38\" data-element_type=\"widget\" data-widget_type=\"button.default\">\n\t\t\t\t<div class=\"elementor-widget-container\">\n\t\t\t\t\t\t\t\t\t<div class=\"elementor-button-wrapper\">\n\t\t\t\t\t<a class=\"elementor-button elementor-button-link elementor-size-sm\" href=\"https:\/\/wa.me\/+5491169691704\">\n\t\t\t\t\t\t<span class=\"elementor-button-content-wrapper\">\n\t\t\t\t\t\t<span class=\"elementor-button-icon\">\n\t\t\t\t<i aria-hidden=\"true\" class=\"fab fa-whatsapp\"><\/i>\t\t\t<\/span>\n\t\t\t\t\t\t\t\t\t<span class=\"elementor-button-text\">WhatsApp<\/span>\n\t\t\t\t\t<\/span>\n\t\t\t\t\t<\/a>\n\t\t\t\t<\/div>\n\t\t\t\t\t\t\t\t<\/div>\n\t\t\t\t<\/div>\n\t\t\t\t\t<\/div>\n\t\t<\/div>\n\t\t\t\t<div class=\"elementor-column elementor-col-25 elementor-inner-column elementor-element elementor-element-a1c77c3\" data-id=\"a1c77c3\" data-element_type=\"column\">\n\t\t\t<div class=\"elementor-widget-wrap\">\n\t\t\t\t\t\t\t<\/div>\n\t\t<\/div>\n\t\t\t\t\t<\/div>\n\t\t<\/section>\n\t\t\t\t\t<\/div>\n\t\t<\/div>\n\t\t\t\t\t<\/div>\n\t\t<\/section>\n\t\t\t\t<section class=\"elementor-section elementor-top-section elementor-element elementor-element-ad3288d elementor-section-boxed elementor-section-height-default elementor-section-height-default\" data-id=\"ad3288d\" data-element_type=\"section\">\n\t\t\t\t\t\t<div class=\"elementor-container elementor-column-gap-default\">\n\t\t\t\t\t<div class=\"elementor-column elementor-col-100 elementor-top-column elementor-element elementor-element-10401f5\" data-id=\"10401f5\" data-element_type=\"column\">\n\t\t\t<div class=\"elementor-widget-wrap elementor-element-populated\">\n\t\t\t\t\t\t<div class=\"elementor-element elementor-element-b0957bb elementor-widget elementor-widget-google_maps\" data-id=\"b0957bb\" data-element_type=\"widget\" data-widget_type=\"google_maps.default\">\n\t\t\t\t<div class=\"elementor-widget-container\">\n\t\t\t\t\t\t\t<div class=\"elementor-custom-embed\">\n\t\t\t<iframe loading=\"lazy\"\n\t\t\t\t\tsrc=\"https:\/\/maps.google.com\/maps?q=Luggage%20Storage%20Ba%20Maipu%20814%2C%20Retiro.&#038;t=m&#038;z=14&#038;output=embed&#038;iwloc=near\"\n\t\t\t\t\ttitle=\"Luggage Storage Ba Maipu 814, Retiro.\"\n\t\t\t\t\taria-label=\"Luggage Storage Ba Maipu 814, Retiro.\"\n\t\t\t><\/iframe>\n\t\t<\/div>\n\t\t\t\t\t\t<\/div>\n\t\t\t\t<\/div>\n\t\t\t\t<section class=\"elementor-section elementor-inner-section elementor-element elementor-element-b2ea5a7 elementor-section-boxed elementor-section-height-default elementor-section-height-default\" data-id=\"b2ea5a7\" data-element_type=\"section\">\n\t\t\t\t\t\t<div class=\"elementor-container elementor-column-gap-default\">\n\t\t\t\t\t<div class=\"elementor-column elementor-col-25 elementor-inner-column elementor-element elementor-element-a8ff3b0\" data-id=\"a8ff3b0\" data-element_type=\"column\">\n\t\t\t<div class=\"elementor-widget-wrap elementor-element-populated\">\n\t\t\t\t\t\t<div class=\"elementor-element elementor-element-4670d36 elementor-widget elementor-widget-heading\" data-id=\"4670d36\" data-element_type=\"widget\" data-widget_type=\"heading.default\">\n\t\t\t\t<div class=\"elementor-widget-container\">\n\t\t\t\t\t<h2 class=\"elementor-heading-title elementor-size-default\">City Center<\/h2>\t\t\t\t<\/div>\n\t\t\t\t<\/div>\n\t\t\t\t\t<\/div>\n\t\t<\/div>\n\t\t\t\t<div class=\"elementor-column elementor-col-25 elementor-inner-column elementor-element elementor-element-4fa1491\" data-id=\"4fa1491\" data-element_type=\"column\">\n\t\t\t<div class=\"elementor-widget-wrap elementor-element-populated\">\n\t\t\t\t\t\t<div class=\"elementor-element elementor-element-b7ac433 elementor-align-justify elementor-widget__width-initial elementor-widget elementor-widget-button\" data-id=\"b7ac433\" data-element_type=\"widget\" data-widget_type=\"button.default\">\n\t\t\t\t<div class=\"elementor-widget-container\">\n\t\t\t\t\t\t\t\t\t<div class=\"elementor-button-wrapper\">\n\t\t\t\t\t<a class=\"elementor-button elementor-button-link elementor-size-sm\" href=\"https:\/\/maps.app.goo.gl\/qt7K4ghjv49cR1C28\" target=\"_blank\">\n\t\t\t\t\t\t<span class=\"elementor-button-content-wrapper\">\n\t\t\t\t\t\t<span class=\"elementor-button-icon\">\n\t\t\t\t<i aria-hidden=\"true\" class=\"fas fa-map-marked-alt\"><\/i>\t\t\t<\/span>\n\t\t\t\t\t\t\t\t\t<span class=\"elementor-button-text\">Maipu 814<\/span>\n\t\t\t\t\t<\/span>\n\t\t\t\t\t<\/a>\n\t\t\t\t<\/div>\n\t\t\t\t\t\t\t\t<\/div>\n\t\t\t\t<\/div>\n\t\t\t\t\t<\/div>\n\t\t<\/div>\n\t\t\t\t<div class=\"elementor-column elementor-col-25 elementor-inner-column elementor-element elementor-element-9fbf934\" data-id=\"9fbf934\" data-element_type=\"column\">\n\t\t\t<div class=\"elementor-widget-wrap elementor-element-populated\">\n\t\t\t\t\t\t<div class=\"elementor-element elementor-element-6c1ddee elementor-align-justify elementor-widget elementor-widget-button\" data-id=\"6c1ddee\" data-element_type=\"widget\" data-widget_type=\"button.default\">\n\t\t\t\t<div class=\"elementor-widget-container\">\n\t\t\t\t\t\t\t\t\t<div class=\"elementor-button-wrapper\">\n\t\t\t\t\t<a class=\"elementor-button elementor-button-link elementor-size-sm\" href=\"https:\/\/wa.me\/+5491165843041\">\n\t\t\t\t\t\t<span class=\"elementor-button-content-wrapper\">\n\t\t\t\t\t\t<span class=\"elementor-button-icon\">\n\t\t\t\t<i aria-hidden=\"true\" class=\"fab fa-whatsapp\"><\/i>\t\t\t<\/span>\n\t\t\t\t\t\t\t\t\t<span class=\"elementor-button-text\">WhatsApp<\/span>\n\t\t\t\t\t<\/span>\n\t\t\t\t\t<\/a>\n\t\t\t\t<\/div>\n\t\t\t\t\t\t\t\t<\/div>\n\t\t\t\t<\/div>\n\t\t\t\t\t<\/div>\n\t\t<\/div>\n\t\t\t\t<div class=\"elementor-column elementor-col-25 elementor-inner-column elementor-element elementor-element-ff6647b\" data-id=\"ff6647b\" data-element_type=\"column\">\n\t\t\t<div class=\"elementor-widget-wrap\">\n\t\t\t\t\t\t\t<\/div>\n\t\t<\/div>\n\t\t\t\t\t<\/div>\n\t\t<\/section>\n\t\t\t\t\t<\/div>\n\t\t<\/div>\n\t\t\t\t\t<\/div>\n\t\t<\/section>\n\t\t\t\t<\/div>","protected":false},"excerpt":{"rendered":"<p>Cont\u00e1ctanos Palermo Nicaragua 4806 WhatsApp Retiro Maipu 814 WhatsApp<\/p>","protected":false},"author":2,"featured_media":0,"parent":0,"menu_order":0,"comment_status":"closed","ping_status":"closed","template":"","meta":{"_acf_changed":false,"inline_featured_image":false,"_joinchat":[],"footnotes":""},"class_list":["post-1027","page","type-page","status-publish","hentry"],"acf":[],"yoast_head":"<!-- This site is optimized with the Yoast SEO plugin v25.5 - https:\/\/yoast.com\/wordpress\/plugins\/seo\/ -->\n<title>Contacto - Luggage Storage BA<\/title>\n<meta name=\"description\" content=\"Cont\u00e1ctenos hoy mismo para cualquier consulta, comentario o asistencia que pueda necesitar. Nuestro equipo dedicado est\u00e1 listo para ayudarle y proporcionar respuestas r\u00e1pidas a sus preguntas. Comun\u00edquese con nosotros por tel\u00e9fono, correo electr\u00f3nico o a trav\u00e9s de nuestro pr\u00e1ctico formulario de contacto. Esperamos tener noticias suyas y brindarle un servicio al cliente excepcional.\" \/>\n<meta name=\"robots\" content=\"index, follow, max-snippet:-1, max-image-preview:large, max-video-preview:-1\" \/>\n<link rel=\"canonical\" href=\"https:\/\/luggagestorageba.com\/en\/contacto\/\" \/>\n<meta property=\"og:locale\" content=\"en_US\" \/>\n<meta property=\"og:type\" content=\"article\" \/>\n<meta property=\"og:title\" content=\"Contacto - Luggage Storage BA\" \/>\n<meta property=\"og:description\" content=\"Cont\u00e1ctenos hoy mismo para cualquier consulta, comentario o asistencia que pueda necesitar. Nuestro equipo dedicado est\u00e1 listo para ayudarle y proporcionar respuestas r\u00e1pidas a sus preguntas. Comun\u00edquese con nosotros por tel\u00e9fono, correo electr\u00f3nico o a trav\u00e9s de nuestro pr\u00e1ctico formulario de contacto. Esperamos tener noticias suyas y brindarle un servicio al cliente excepcional.\" \/>\n<meta property=\"og:url\" content=\"https:\/\/luggagestorageba.com\/en\/contacto\/\" \/>\n<meta property=\"og:site_name\" content=\"Luggage Storage BA\" \/>\n<meta property=\"article:modified_time\" content=\"2026-04-24T15:27:00+00:00\" \/>\n<meta name=\"twitter:card\" content=\"summary_large_image\" \/>\n<meta name=\"twitter:label1\" content=\"Est. reading time\" \/>\n\t<meta name=\"twitter:data1\" content=\"1 minute\" \/>\n<script type=\"application\/ld+json\" class=\"yoast-schema-graph\">{\"@context\":\"https:\/\/schema.org\",\"@graph\":[{\"@type\":\"WebPage\",\"@id\":\"https:\/\/luggagestorageba.com\/contacto\/\",\"url\":\"https:\/\/luggagestorageba.com\/contacto\/\",\"name\":\"Contacto - Luggage Storage BA\",\"isPartOf\":{\"@id\":\"https:\/\/luggagestorageba.com\/#website\"},\"datePublished\":\"2023-07-12T17:40:46+00:00\",\"dateModified\":\"2026-04-24T15:27:00+00:00\",\"description\":\"Cont\u00e1ctenos hoy mismo para cualquier consulta, comentario o asistencia que pueda necesitar. Nuestro equipo dedicado est\u00e1 listo para ayudarle y proporcionar respuestas r\u00e1pidas a sus preguntas. Comun\u00edquese con nosotros por tel\u00e9fono, correo electr\u00f3nico o a trav\u00e9s de nuestro pr\u00e1ctico formulario de contacto. Esperamos tener noticias suyas y brindarle un servicio al cliente excepcional.\",\"breadcrumb\":{\"@id\":\"https:\/\/luggagestorageba.com\/contacto\/#breadcrumb\"},\"inLanguage\":\"en-US\",\"potentialAction\":[{\"@type\":\"ReadAction\",\"target\":[\"https:\/\/luggagestorageba.com\/contacto\/\"]}]},{\"@type\":\"BreadcrumbList\",\"@id\":\"https:\/\/luggagestorageba.com\/contacto\/#breadcrumb\",\"itemListElement\":[{\"@type\":\"ListItem\",\"position\":1,\"name\":\"Portada\",\"item\":\"https:\/\/luggagestorageba.com\/\"},{\"@type\":\"ListItem\",\"position\":2,\"name\":\"Contacto\"}]},{\"@type\":\"WebSite\",\"@id\":\"https:\/\/luggagestorageba.com\/#website\",\"url\":\"https:\/\/luggagestorageba.com\/\",\"name\":\"Luggage Storage BA\",\"description\":\"Luggage Storage BA - Guarda Equipaje\",\"publisher\":{\"@id\":\"https:\/\/luggagestorageba.com\/#organization\"},\"potentialAction\":[{\"@type\":\"SearchAction\",\"target\":{\"@type\":\"EntryPoint\",\"urlTemplate\":\"https:\/\/luggagestorageba.com\/?s={search_term_string}\"},\"query-input\":{\"@type\":\"PropertyValueSpecification\",\"valueRequired\":true,\"valueName\":\"search_term_string\"}}],\"inLanguage\":\"en-US\"},{\"@type\":\"Organization\",\"@id\":\"https:\/\/luggagestorageba.com\/#organization\",\"name\":\"Luggage Storage BA\",\"url\":\"https:\/\/luggagestorageba.com\/\",\"logo\":{\"@type\":\"ImageObject\",\"inLanguage\":\"en-US\",\"@id\":\"https:\/\/luggagestorageba.com\/#\/schema\/logo\/image\/\",\"url\":\"https:\/\/luggagestorageba.com\/wp-content\/uploads\/2023\/04\/favicon-32x32-1.png\",\"contentUrl\":\"https:\/\/luggagestorageba.com\/wp-content\/uploads\/2023\/04\/favicon-32x32-1.png\",\"width\":32,\"height\":32,\"caption\":\"Luggage Storage BA\"},\"image\":{\"@id\":\"https:\/\/luggagestorageba.com\/#\/schema\/logo\/image\/\"}}]}<\/script>\n<!-- \/ Yoast SEO plugin. -->","yoast_head_json":{"title":"Contacto - Luggage Storage BA","description":"Cont\u00e1ctenos hoy mismo para cualquier consulta, comentario o asistencia que pueda necesitar. Nuestro equipo dedicado est\u00e1 listo para ayudarle y proporcionar respuestas r\u00e1pidas a sus preguntas. Comun\u00edquese con nosotros por tel\u00e9fono, correo electr\u00f3nico o a trav\u00e9s de nuestro pr\u00e1ctico formulario de contacto. Esperamos tener noticias suyas y brindarle un servicio al cliente excepcional.","robots":{"index":"index","follow":"follow","max-snippet":"max-snippet:-1","max-image-preview":"max-image-preview:large","max-video-preview":"max-video-preview:-1"},"canonical":"https:\/\/luggagestorageba.com\/en\/contacto\/","og_locale":"en_US","og_type":"article","og_title":"Contacto - Luggage Storage BA","og_description":"Cont\u00e1ctenos hoy mismo para cualquier consulta, comentario o asistencia que pueda necesitar. Nuestro equipo dedicado est\u00e1 listo para ayudarle y proporcionar respuestas r\u00e1pidas a sus preguntas. Comun\u00edquese con nosotros por tel\u00e9fono, correo electr\u00f3nico o a trav\u00e9s de nuestro pr\u00e1ctico formulario de contacto. Esperamos tener noticias suyas y brindarle un servicio al cliente excepcional.","og_url":"https:\/\/luggagestorageba.com\/en\/contacto\/","og_site_name":"Luggage Storage BA","article_modified_time":"2026-04-24T15:27:00+00:00","twitter_card":"summary_large_image","twitter_misc":{"Est. reading time":"1 minute"},"schema":{"@context":"https:\/\/schema.org","@graph":[{"@type":"WebPage","@id":"https:\/\/luggagestorageba.com\/contacto\/","url":"https:\/\/luggagestorageba.com\/contacto\/","name":"Contacto - Luggage Storage BA","isPartOf":{"@id":"https:\/\/luggagestorageba.com\/#website"},"datePublished":"2023-07-12T17:40:46+00:00","dateModified":"2026-04-24T15:27:00+00:00","description":"Cont\u00e1ctenos hoy mismo para cualquier consulta, comentario o asistencia que pueda necesitar. Nuestro equipo dedicado est\u00e1 listo para ayudarle y proporcionar respuestas r\u00e1pidas a sus preguntas. Comun\u00edquese con nosotros por tel\u00e9fono, correo electr\u00f3nico o a trav\u00e9s de nuestro pr\u00e1ctico formulario de contacto. Esperamos tener noticias suyas y brindarle un servicio al cliente excepcional.","breadcrumb":{"@id":"https:\/\/luggagestorageba.com\/contacto\/#breadcrumb"},"inLanguage":"en-US","potentialAction":[{"@type":"ReadAction","target":["https:\/\/luggagestorageba.com\/contacto\/"]}]},{"@type":"BreadcrumbList","@id":"https:\/\/luggagestorageba.com\/contacto\/#breadcrumb","itemListElement":[{"@type":"ListItem","position":1,"name":"Portada","item":"https:\/\/luggagestorageba.com\/"},{"@type":"ListItem","position":2,"name":"Contacto"}]},{"@type":"WebSite","@id":"https:\/\/luggagestorageba.com\/#website","url":"https:\/\/luggagestorageba.com\/","name":"Luggage Storage BA","description":"Luggage Storage BA - Guarda Equipaje","publisher":{"@id":"https:\/\/luggagestorageba.com\/#organization"},"potentialAction":[{"@type":"SearchAction","target":{"@type":"EntryPoint","urlTemplate":"https:\/\/luggagestorageba.com\/?s={search_term_string}"},"query-input":{"@type":"PropertyValueSpecification","valueRequired":true,"valueName":"search_term_string"}}],"inLanguage":"en-US"},{"@type":"Organization","@id":"https:\/\/luggagestorageba.com\/#organization","name":"Luggage Storage BA","url":"https:\/\/luggagestorageba.com\/","logo":{"@type":"ImageObject","inLanguage":"en-US","@id":"https:\/\/luggagestorageba.com\/#\/schema\/logo\/image\/","url":"https:\/\/luggagestorageba.com\/wp-content\/uploads\/2023\/04\/favicon-32x32-1.png","contentUrl":"https:\/\/luggagestorageba.com\/wp-content\/uploads\/2023\/04\/favicon-32x32-1.png","width":32,"height":32,"caption":"Luggage Storage BA"},"image":{"@id":"https:\/\/luggagestorageba.com\/#\/schema\/logo\/image\/"}}]}},"_links":{"self":[{"href":"https:\/\/luggagestorageba.com\/en\/wp-json\/wp\/v2\/pages\/1027"}],"collection":[{"href":"https:\/\/luggagestorageba.com\/en\/wp-json\/wp\/v2\/pages"}],"about":[{"href":"https:\/\/luggagestorageba.com\/en\/wp-json\/wp\/v2\/types\/page"}],"author":[{"embeddable":true,"href":"https:\/\/luggagestorageba.com\/en\/wp-json\/wp\/v2\/users\/2"}],"replies":[{"embeddable":true,"href":"https:\/\/luggagestorageba.com\/en\/wp-json\/wp\/v2\/comments?post=1027"}],"version-history":[{"count":0,"href":"https:\/\/luggagestorageba.com\/en\/wp-json\/wp\/v2\/pages\/1027\/revisions"}],"wp:attachment":[{"href":"https:\/\/luggagestorageba.com\/en\/wp-json\/wp\/v2\/media?parent=1027"}],"curies":[{"name":"wp","href":"https:\/\/api.w.org\/{rel}","templated":true}]}}